{"id":11,"date":"2021-11-10T20:02:16","date_gmt":"2021-11-10T20:02:16","guid":{"rendered":"https:\/\/oldtimer.uber.space\/?page_id=11"},"modified":"2026-02-22T12:37:20","modified_gmt":"2026-02-22T11:37:20","slug":"mesmerize","status":"publish","type":"page","link":"https:\/\/www.hof-holtgast.de\/","title":{"rendered":"Front Page"},"content":{"rendered":"<div  id=\"fahrzeuge-1\" style=\"background-color: #f5fafd;\" data-label=\"Fahrzeuge\" data-id=\"about-1\" data-export-id=\"about-1\" data-category=\"about\" class=\"about-1 content-section\"><div  class=\"gridContainer\"> <div  class=\"row text-center\"><div  class=\"section-title-col\" data-type=\"column\"> <h5  class=\"\">Fahrzeuge<\/h5> <h2  class=\"\">Historische Fahrzeuge\n<\/h2> <p  class=\"lead\">Alle historischen Fahrzeuge werden in unserem Verein gerne pr\u00e4sentiert, z.B.:<\/p><\/div> <\/div> <div  class=\"row\"> <div  class=\"button-holder space-bottom space-bottom-small\" data-type=\"column\"> <\/div> <div  class=\"col-xs bottom-xs flexbox image-group-bottom-3-img space-bottom-xs center-xs\"> <img  decoding=\"async\" class=\"left-img shadow-large-black\" data-size=\"500x300\" src=\"https:\/\/oldtimer.uber.space\/wp-content\/uploads\/2021\/11\/cropped-HOF-Autopark-BMW.jpg\" title=\"cropped-HOF-Autopark-BMW.jpg\" alt=\"\"> <img  decoding=\"async\" class=\"center-img shadow-large-black\" data-size=\"500x300\" src=\"https:\/\/oldtimer.uber.space\/wp-content\/uploads\/2021\/11\/cropped-HOF-Zweiradpark-Quickly.jpg\" title=\"cropped-HOF-Zweiradpark-Quickly.jpg\" alt=\"\"> <img  decoding=\"async\" class=\"right-img shadow-large-black\" data-size=\"500x300\" src=\"https:\/\/oldtimer.uber.space\/wp-content\/uploads\/2021\/11\/cropped-HOF-Treckerpark-3a.jpg\" title=\"cropped-HOF-Treckerpark-3a.jpg\" alt=\"\"><\/div> <\/div><\/div> <\/div><div  id=\"verein\" style=\"background-color: #f5fafd;\" data-label=\"Verein\" data-id=\"content-2\" data-export-id=\"content-2\" data-category=\"content\" class=\"content-2 content-section content-section-spacing\"><div > <div  class=\"row middle-xs\"><div  class=\"col-sm-5 bg-image shadow-large-black\" data-bg=\"image\" style=\"background-image: url(&quot;https:\/\/oldtimer.uber.space\/wp-content\/uploads\/2021\/11\/cropped-HOF-Vereinsleben.jpg&quot;);\"><\/div> <div  class=\"col-sm-7 full-col-left-padding full-col-right-padding\"> <div  class=\"row\"> <div  data-type=\"column\" class=\"space-bottom-small content-title-col\"> <h5  class=\"\">Der Verein\n<\/h5> <h2  class=\"\">\u00dcber unseren Verein\n<\/h2> <\/div> <\/div> <div  class=\"row spaced-cols \" data-type=\"row\"> <div  class=\"col-xs-6\" data-type=\"column\"> <h5  class=\"\">GR\u00dcNDUNGSDATUM\n<\/h5> <p  class=\"\">Der Verein \u201eHoltgaster Oldtimer-Freunde e.V.\u201c (H.O.F.) wurde am 20. Januar 2012 gegr\u00fcndet.<\/p><\/div> <div  class=\"col-xs-6\" data-type=\"column\"><h5  class=\"\">VEREINSZIEL<\/h5> <p  class=\"\">Ziel des Vereines ist die Erhaltung, Pflege und Pr\u00e4sentation von historischen Fahrzeugen und Maschinen aller Art. Die Durchf\u00fchrung und der Besuch von Veranstaltungen die der F\u00f6rderung des Interesses an historischen Fahrzeugen aller Art dienen, sowie den Erwerb und Erhalt von historischen Fahrzeugen f\u00fcr vereinseigene Zwecke.<\/p><\/div> <div  class=\"col-xs-6\" data-type=\"column\"> <\/div>  <\/div><\/div> <\/div><\/div> <\/div><div  id=\"neuigkeiten\" style=\"background-color: #f5fafd;\" data-label=\"Neuigkeiten\" data-id=\"blog-section\" data-export-id=\"blog-section\" data-category=\"latest_news\" class=\"blog-section blog-section-standard content-section content-section-spacing\"><div  class=\"gridContainer\"> <div  class=\"row\"><div  data-type=\"column\" class=\"section-title-col\"> <h2  class=\"\">Neuigkeiten<\/h2> <\/div> <\/div> <div  class=\"row\"> <div  data-type=\"row\" data-dynamic-columns=\"handled\" data-content-shortcode=\"mesmerize_latest_news columns=&quot;4&quot; \">\t\t<div class=\"row center-sm content-left-sm\">\n\t\t\t\t\t<div id=\"post-779\" class=\"col-sm-6 col-md-4 space-bottom space-bottom-xs\">\n\t\t\t\t<div class=\"post-content card y-move bordered\">\n\t\t\t\t\t\t\t\t\t\t<div class=\"col-padding col-padding-xs\">\n\t\t\t\t\t\t<h3 class=\"post-title space-bottom-small\">\n\t\t\t\t\t\t\t<a href=\"https:\/\/www.hof-holtgast.de\/?p=779\" rel=\"bookmark\">\n\t\t\t\t\t\t\t\tDie Baumpflanz-Challenge\t\t\t\t\t\t\t<\/a>\n\t\t\t\t\t\t<\/h3>\n\t\t\t\t\t\t<p>Am 04.08.2025 wurden wir vom KBV Utgast nominiert, einen Baum zu pflanzen.Unsere Mitglieder haben sich dann auf den Weg gemacht und einen Baum organisiert. Dieser wurde wie im Video zu[&hellip;]<\/p>\n\t\t\t\t\t\t<a class=\"read-more link\" href=\"https:\/\/www.hof-holtgast.de\/?p=779\">\n\t\t\t\t\t\t\tRead more\t\t\t\t\t\t<\/a>\n\t\t\t\t\t<\/div>\n\t\t\t\t<\/div>\n\t\t\t<\/div>\n\t\t\t\t\t\t<div id=\"post-760\" class=\"col-sm-6 col-md-4 space-bottom space-bottom-xs\">\n\t\t\t\t<div class=\"post-content card y-move bordered\">\n\t\t\t\t\t\t\t\t\t\t<div class=\"col-padding col-padding-xs\">\n\t\t\t\t\t\t<h3 class=\"post-title space-bottom-small\">\n\t\t\t\t\t\t\t<a href=\"https:\/\/www.hof-holtgast.de\/?p=760\" rel=\"bookmark\">\n\t\t\t\t\t\t\t\tStart in das Oldtimerjahr 2025 mit unserer Mitgliederversammlung\t\t\t\t\t\t\t<\/a>\n\t\t\t\t\t\t<\/h3>\n\t\t\t\t\t\t<p>Am 16.03.2025 starten wir unser Oldtimerjahr 2025 mit unserer Mitgliederversammlung in der Haltestelle Holtgast. Wir freuen uns auf eine rege Teilnahme.<\/p>\n\t\t\t\t\t\t<a class=\"read-more link\" href=\"https:\/\/www.hof-holtgast.de\/?p=760\">\n\t\t\t\t\t\t\tRead more\t\t\t\t\t\t<\/a>\n\t\t\t\t\t<\/div>\n\t\t\t\t<\/div>\n\t\t\t<\/div>\n\t\t\t\t\t\t<div id=\"post-716\" class=\"col-sm-6 col-md-4 space-bottom space-bottom-xs\">\n\t\t\t\t<div class=\"post-content card y-move bordered\">\n\t\t\t\t\t\t\t\t\t\t<div class=\"col-padding col-padding-xs\">\n\t\t\t\t\t\t<h3 class=\"post-title space-bottom-small\">\n\t\t\t\t\t\t\t<a href=\"https:\/\/www.hof-holtgast.de\/?p=716\" rel=\"bookmark\">\n\t\t\t\t\t\t\t\tH.O.F- Fest am 02.06.2024 in Utgast beim Hofcaf\u00e9 Gerdes\t\t\t\t\t\t\t<\/a>\n\t\t\t\t\t\t<\/h3>\n\t\t\t\t\t\t<p>Quelle: NWZ Online vom 16.05.2024<\/p>\n\t\t\t\t\t\t<a class=\"read-more link\" href=\"https:\/\/www.hof-holtgast.de\/?p=716\">\n\t\t\t\t\t\t\tRead more\t\t\t\t\t\t<\/a>\n\t\t\t\t\t<\/div>\n\t\t\t\t<\/div>\n\t\t\t<\/div>\n\t\t\t\t<\/div>\n\t<\/div><\/div> <div  class=\"row\"><div  class=\"text-center\"> <a  class=\"button color1\" data-attr-shortcode=\"href:mesmerize_blog_link\" href=\"https:\/\/www.hof-holtgast.de\/?post_type=post\">ALLE BLOGPOSTS ANZEIGEN<\/a><\/div> <\/div><\/div><\/div><div  data-label=\"Termine\" data-id=\"content--1\" data-export-id=\"content-12\" data-category=\"content\" class=\"content-12 content-section content-section-spacing\" id=\"termine\" style=\"background-color: rgb(255, 255, 255);\"><div  class=\"gridContainer\"> <div  class=\"row text-center\"><div  class=\"section-title-col\" data-type=\"column\"> <h2  class=\"\">Alle aktuellen Termine 2026<\/h2> <p  class=\"lead\">\nEine komplette \u00dcbersicht der allgemeinen Termine findet Ihr unter dem nachfolgenden Link<\/p><a  class=\"link\" href=\"https:\/\/www.hof-holtgast.de\/wp-content\/uploads\/2026\/02\/Ausfahrten-2026.pdf\" target=\"_self\" data-cp-link=\"1\" rel=\"noopener\">H.O.F- Termine f\u00fcr die Ausfahrten 2026<\/a><p  class=\"\">\n<br ><br >\n<br ><br >Im nachfolgenden Link findet Ihr unsere Satzung, zu \u00f6ffnen mit einem PDF-Reader (z.B. Acrobat- oder Foxit-Reader)<\/p><a  class=\"link\" href=\"https:\/\/www.hof-holtgast.de\/wp-content\/uploads\/2024\/07\/Termine.Ausfahrten_2024.pdf\" target=\"_self\" data-cp-link=\"1\" rel=\"noopener\">Satzung der Holtgaster Oldtimer Freunde e.V.<\/a><p  class=\"\">\n<br >\n<br ><br >Im nachfolgenden Link findet Ihr unsere Betrittserkl\u00e4rung, zu \u00f6ffnen mit einem PDF-Reader (z.B. Acrobat- oder Foxit-Reader)<\/p><a  class=\"link\" href=\"https:\/\/www.hof-holtgast.de\/wp-content\/uploads\/2022\/05\/Beitrittserklaerung.pdf\" target=\"_self\" data-cp-link=\"1\" rel=\"noopener\">Beitrittserkl\u00e4rung<\/a><p  class=\"\">\n<\/p><a  class=\"link\" href=\"https:\/\/www.hof-holtgast.de\" target=\"_self\" data-cp-link=\"1\" rel=\"noopener\"><\/a><\/div> <\/div> <div  class=\"row center-xs middle-xs\"> <div  class=\"col-sm-9\" data-type=\"column\"> <img  decoding=\"async\" class=\"shadow-large\" src=\"https:\/\/www.hof-holtgast.de\/wp-content\/uploads\/2021\/11\/cropped-HOF-Logo.jpg\" title=\"cropped-HOF-Logo.jpg\" alt=\"\"><\/div> <\/div><\/div> <\/div><div  id=\"kontakt\" data-label=\"Kontakt\" data-id=\"contact-1\" data-export-id=\"contact-1\" data-category=\"contact\" class=\"contact-1 content-section content-section-spacing white-text\" data-parallax-depth=\"20\" style=\"background-size: cover; background-position: center top; background-image: url(&quot;https:\/\/oldtimer.uber.space\/wp-content\/uploads\/2021\/11\/cropped-HOF-Autopark-BMW.jpg&quot;);\"><div  class=\"gridContainer\"> <div  class=\"row text-center\"><div  class=\"section-title-col\" data-type=\"column\"> <h2  class=\"\">Kontakt<\/h2> <p  class=\"lead\">Bitte richten Sie Ihre Anfragen an uns:<\/p><\/div> <\/div> <div  class=\"row text-center\"> <div  class=\"col-xs-12 col-sm-8 col-sm-offset-2 contact-form-wrapper inline-info\"> <div  class=\"card large-padding\"> <div  class=\"\" data-content-shortcode=\"mesmerize_contact_form shortcode=&quot;wpforms id=&amp;amp;quot;67&amp;amp;quot;&quot;\" data-editable=\"true\"><div class=\"wpforms-container wpforms-container-full\" id=\"wpforms-67\"><form id=\"wpforms-form-67\" class=\"wpforms-validate wpforms-form\" data-formid=\"67\" method=\"post\" enctype=\"multipart\/form-data\" action=\"\/index.php?rest_route=%2Fwp%2Fv2%2Fpages%2F11\" data-token=\"f4f940daff3fc457470b2ba455548b26\" data-token-time=\"1778671804\"><noscript class=\"wpforms-error-noscript\">Bitte aktiviere JavaScript in deinem Browser, um dieses Formular fertigzustellen.<\/noscript><div class=\"wpforms-field-container\"><div id=\"wpforms-67-field_0-container\" class=\"wpforms-field wpforms-field-name\" data-field-id=\"0\"><label class=\"wpforms-field-label\">Name <span class=\"wpforms-required-label\">*<\/span><\/label><div class=\"wpforms-field-row wpforms-field-medium\"><div class=\"wpforms-field-row-block wpforms-first wpforms-one-half\"><input type=\"text\" id=\"wpforms-67-field_0\" class=\"wpforms-field-name-first wpforms-field-required\" name=\"wpforms[fields][0][first]\" required><label for=\"wpforms-67-field_0\" class=\"wpforms-field-sublabel after\">Vorname<\/label><\/div><div class=\"wpforms-field-row-block wpforms-one-half\"><input type=\"text\" id=\"wpforms-67-field_0-last\" class=\"wpforms-field-name-last wpforms-field-required\" name=\"wpforms[fields][0][last]\" required><label for=\"wpforms-67-field_0-last\" class=\"wpforms-field-sublabel after\">Nachname<\/label><\/div><\/div><\/div><div id=\"wpforms-67-field_1-container\" class=\"wpforms-field wpforms-field-email\" data-field-id=\"1\"><label class=\"wpforms-field-label\" for=\"wpforms-67-field_1\">Email <span class=\"wpforms-required-label\">*<\/span><\/label><input type=\"email\" id=\"wpforms-67-field_1\" class=\"wpforms-field-medium wpforms-field-required\" name=\"wpforms[fields][1]\" spellcheck=\"false\" required><\/div><div id=\"wpforms-67-field_2-container\" class=\"wpforms-field wpforms-field-textarea\" data-field-id=\"2\"><label class=\"wpforms-field-label\" for=\"wpforms-67-field_2\">Kommentar oder Nachricht <span class=\"wpforms-required-label\">*<\/span><\/label><textarea id=\"wpforms-67-field_2\" class=\"wpforms-field-medium wpforms-field-required\" name=\"wpforms[fields][2]\" required><\/textarea><\/div><div id=\"wpforms-67-field_3-container\" class=\"wpforms-field wpforms-field-gdpr-checkbox\" data-field-id=\"3\"><label class=\"wpforms-field-label\">GDPR Einverst\u00e4ndnis <span class=\"wpforms-required-label\">*<\/span><\/label><ul id=\"wpforms-67-field_3\" class=\"wpforms-field-required\"><li class=\"choice-1\"><input type=\"checkbox\" id=\"wpforms-67-field_3_1\" name=\"wpforms[fields][3][]\" value=\"Ich erlaube der Webseite meine Informationen zu speichern, damit sie meine Anfrage bearbeiten kann.\" required ><label class=\"wpforms-field-label-inline\" for=\"wpforms-67-field_3_1\">Ich erlaube der Webseite meine Informationen zu speichern, damit sie meine Anfrage bearbeiten kann.<\/label><\/li><\/ul><\/div><\/div><!-- .wpforms-field-container --><div class=\"wpforms-submit-container\" ><input type=\"hidden\" name=\"wpforms[id]\" value=\"67\"><input type=\"hidden\" name=\"page_title\" value=\"\"><input type=\"hidden\" name=\"page_url\" value=\"https:\/\/www.hof-holtgast.de\/index.php?rest_route=\/wp\/v2\/pages\/11\"><input type=\"hidden\" name=\"url_referer\" value=\"\"><button type=\"submit\" name=\"wpforms[submit]\" id=\"wpforms-submit-67\" class=\"wpforms-submit\" aria-live=\"assertive\" value=\"wpforms-submit\">Absenden<\/button><\/div><\/form><\/div>  <!-- .wpforms-container --><\/div><\/div> <\/div><\/div> <\/div><\/div><div  data-label=\"About\" data-id=\"about--1\" data-export-id=\"about-9\" data-category=\"about\" class=\"about-9 content-section content-section-spacing\" id=\"about-1\" style=\"background-color: rgb(245, 250, 253);\"><div  class=\"\"> <div  class=\"row middle-sm text-center\"><div  class=\"col-sm-5 space-bottom-xs content-column content-left-sm\" data-type=\"column\"> <h5  class=\"\">Impressum<\/h5><p  class=\"\">Verantwortlich f\u00fcr den Inhalt dieser Webseite: <br >HOF Holtgaster Oldtimer Freunde e.V. <br >Dorfstr. 1<br >26556 Utarp<br >Im Vereinsregister unter Registerblatt: VR 200457 <br >Finanzamt Steuernummer: 71\/211\/03584 <br >Disclaimer \u2013 rechtliche Hinweise <br >1. Haftungsbeschr\u00e4nkung <br >Die Inhalte dieser Website werden mit gr\u00f6\u00dftm\u00f6glicher Sorgfalt erstellt. Der Anbieter \u00fcbernimmt jedoch keine Gew\u00e4hr f\u00fcr die Richtigkeit, Vollst\u00e4ndigkeit und Aktualit\u00e4t der bereitgestellten Inhalte. Die Nutzung der Inhalte der Website erfolgt auf eigene Gefahr des Nutzers. Namentlich gekennzeichnete Beitr\u00e4ge geben die Meinung des jeweiligen Autors und nicht immer die Meinung des Anbieters wieder. Mit der reinen Nutzung der Website des Anbieters kommt keinerlei Vertragsverh\u00e4ltnis zwischen dem Nutzer und dem Anbieter zustande. \n<br ><br >2. Externe Links <br >Diese Website enth\u00e4lt Verkn\u00fcpfungen zu Websites Dritter (\u201eexterne Links\u201c). Diese Websites unterliegen der Haftung der jeweiligen Betreiber. Der Anbieter hat bei der erstmaligen Verkn\u00fcpfung der externen Links die fremden Inhalte daraufhin \u00fcberpr\u00fcft, ob etwaige Rechtsverst\u00f6\u00dfe bestehen. Zu dem Zeitpunkt waren keine Rechtsverst\u00f6\u00dfe ersichtlich. Der Anbieter hat keinerlei Einfluss auf die aktuelle und zuk\u00fcnftige Gestaltung und auf die Inhalte der verkn\u00fcpften Seiten. Das Setzen von externen Links bedeutet nicht, dass sich der Anbieter die hinter dem Verweis oder Link liegenden Inhalte zu Eigen macht. Eine st\u00e4ndige Kontrolle dieser externen Links ist f\u00fcr den Anbieter ohne konkrete Hinweise auf Rechtsverst\u00f6\u00dfe nicht zumutbar. Bei Kenntnis von Rechtsverst\u00f6\u00dfen werden jedoch derartige externe Links unverz\u00fcglich gel\u00f6scht. \n<br ><br >3. Urheber- und Leistungsschutzrechte <br >Die auf dieser Website ver\u00f6ffentlichten Inhalte unterliegen dem deutschen Urheber- und Leistungsschutzrecht. Jede vom deutschen Urheber- und Leistungsschutzrecht nicht zugelassene Verwertung bedarf der vorherigen schriftlichen Zustimmung des Anbieters oder jeweiligen Rechteinhabers. Dies gilt insbesondere f\u00fcr Vervielf\u00e4ltigung, Bearbeitung, \u00dcbersetzung, Einspeicherung, Verarbeitung bzw. Wiedergabe von Inhalten in Datenbanken oder anderen elektronischen Medien und Systemen. Inhalte und Rechte Dritter sind dabei als solche gekennzeichnet. Die unerlaubte Vervielf\u00e4ltigung oder Weitergabe einzelner Inhalte oder kompletter Seiten ist nicht gestattet und strafbar. Lediglich die Herstellung von Kopien und Downloads f\u00fcr den pers\u00f6nlichen, privaten und nicht kommerziellen Gebrauch ist erlaubt. <br >Die Darstellung dieser Website in fremden Frames ist nur mit schriftlicher Erlaubnis zul\u00e4ssig. \n<br ><br >4. Datenschutz <br >Durch den Besuch der Website des Anbieters k\u00f6nnen Informationen \u00fcber den Zugriff (Datum, Uhrzeit, betrachtete Seite) gespeichert werden. Diese Daten geh\u00f6ren nicht zu den personenbezogenen Daten, sondern sind anonymisiert. Sie werden ausschlie\u00dflich zu statistischen Zwecken ausgewertet. Eine Weitergabe an Dritte, zu kommerziellen oder nichtkommerziellen Zwecken, findet nicht statt. <br >Der Anbieter weist ausdr\u00fccklich darauf hin, dass die Daten\u00fcbertragung im Internet (z.B. bei der Kommunikation per E-Mail) Sicherheitsl\u00fccken aufweisen und nicht l\u00fcckenlos vor dem Zugriff durch Dritte gesch\u00fctzt werden kann. <br >Die Verwendung der Kontaktdaten des Impressums zur gewerblichen Werbung ist ausdr\u00fccklich nicht erw\u00fcnscht, es sei denn der Anbieter hatte zuvor seine schriftliche Einwilligung erteilt oder es besteht bereits eine Gesch\u00e4ftsbeziehung. Der Anbieter und alle auf dieser Website genannten Personen widersprechen hiermit jeder kommerziellen Verwendung und Weitergabe ihrer Daten. \n<br ><br >5. Besondere Nutzungsbedingungen <br >Soweit besondere Bedingungen f\u00fcr einzelne Nutzungen dieser Website von den vorgenannten Nummern 1. bis 4. abweichen, wird an entsprechender Stelle ausdr\u00fccklich darauf hingewiesen. In diesem Falle gelten im jeweiligen Einzelfall die besonderen Nutzungsbedingungen. \n<br ><br >Quelle: Disclaimer von Juraforum.de \u2013 Rechtsportal und Experten-Branchenbuch.de<\/p> <h2  class=\"\"><\/h2>  <\/div> <div  class=\"col-sm-7 flexbox flexbox middle-xs center-xs space-bottom-xs\"><div  class=\"overlay-box flexbox middle-xs center-xs overlay-holder \"> <div  class=\"overlay-box-offset offset-background shadow-medium bg-color2 hide-xs\"><\/div> <a  data-cp-link=\"1\" href=\"#\"><img  decoding=\"async\" class=\"flexbox shadow-large img1\" src=\"https:\/\/oldtimer.uber.space\/wp-content\/uploads\/2021\/12\/Kontakt.png\" data-size=\"600x400\" title=\"Kontakt\" alt=\"\"><\/a><\/div> <\/div><\/div> <\/div><\/div>","protected":false},"excerpt":{"rendered":"<p>Fahrzeuge Historische Fahrzeuge Alle historischen Fahrzeuge werden in unserem Verein gerne pr\u00e4sentiert, z.B.: Der Verein \u00dcber unseren Verein GR\u00dcNDUNGSDATUM Der Verein \u201eHoltgaster Oldtimer-Freunde e.V.\u201c (H.O.F.) wurde am 20. Januar 2012 gegr\u00fcndet. VEREINSZIEL Ziel des Vereines ist die Erhaltung, Pflege und Pr\u00e4sentation von historischen Fahrzeugen und Maschinen aller Art. Die Durchf\u00fchrung und der Besuch von Veranstaltungen&hellip; <br \/> <a class=\"read-more\" href=\"https:\/\/www.hof-holtgast.de\/?p=716\">Weiterlesen<\/a><\/p>\n","protected":false},"author":1,"featured_media":0,"parent":0,"menu_order":0,"comment_status":"closed","ping_status":"closed","template":"page-templates\/homepage.php","meta":{"footnotes":""},"class_list":["post-11","page","type-page","status-publish","hentry"],"_links":{"self":[{"href":"https:\/\/www.hof-holtgast.de\/index.php?rest_route=\/wp\/v2\/pages\/11","targetHints":{"allow":["GET"]}}],"collection":[{"href":"https:\/\/www.hof-holtgast.de\/index.php?rest_route=\/wp\/v2\/pages"}],"about":[{"href":"https:\/\/www.hof-holtgast.de\/index.php?rest_route=\/wp\/v2\/types\/page"}],"author":[{"embeddable":true,"href":"https:\/\/www.hof-holtgast.de\/index.php?rest_route=\/wp\/v2\/users\/1"}],"replies":[{"embeddable":true,"href":"https:\/\/www.hof-holtgast.de\/index.php?rest_route=%2Fwp%2Fv2%2Fcomments&post=11"}],"version-history":[{"count":67,"href":"https:\/\/www.hof-holtgast.de\/index.php?rest_route=\/wp\/v2\/pages\/11\/revisions"}],"predecessor-version":[{"id":806,"href":"https:\/\/www.hof-holtgast.de\/index.php?rest_route=\/wp\/v2\/pages\/11\/revisions\/806"}],"wp:attachment":[{"href":"https:\/\/www.hof-holtgast.de\/index.php?rest_route=%2Fwp%2Fv2%2Fmedia&parent=11"}],"curies":[{"name":"wp","href":"https:\/\/api.w.org\/{rel}","templated":true}]}}